{"id":22853,"date":"2020-01-02T09:28:08","date_gmt":"2020-01-02T09:28:08","guid":{"rendered":"https:\/\/feel-it-services.com\/contacts\/"},"modified":"2025-02-24T10:02:39","modified_gmt":"2025-02-24T10:02:39","slug":"contacts-de","status":"publish","type":"page","link":"https:\/\/feel-it-services.com\/de\/contacts-de\/","title":{"rendered":"Contacts"},"content":{"rendered":"\t\t<div data-elementor-type=\"wp-page\" data-elementor-id=\"22853\" class=\"elementor elementor-22853 elementor-1370\" data-elementor-post-type=\"page\">\n\t\t\t\t\t\t<section class=\"elementor-section elementor-top-section elementor-element elementor-element-8c1b6b2 elementor-section-content-middle ot-traditional elementor-section-boxed elementor-section-height-default elementor-section-height-default\" data-id=\"8c1b6b2\" data-element_type=\"section\" data-e-type=\"section\">\n\t\t\t\t\t\t<div class=\"elementor-container elementor-column-gap-extended\">\n\t\t\t\t\t<div class=\"elementor-column elementor-col-50 elementor-top-column elementor-element elementor-element-8416bc3 ot-flex-column-vertical\" data-id=\"8416bc3\" data-element_type=\"column\" data-e-type=\"column\">\n\t\t\t<div class=\"elementor-widget-wrap elementor-element-populated\">\n\t\t\t\t\t\t<div class=\"elementor-element elementor-element-d735292 elementor-widget elementor-widget-iheading\" data-id=\"d735292\" data-element_type=\"widget\" data-e-type=\"widget\" data-widget_type=\"iheading.default\">\n\t\t\t\t<div class=\"elementor-widget-container\">\n\t\t\t\t\t\t\t<div class=\"ot-heading\">\r\n\t        \t            <span>Feel IT Services<\/span>\r\n\t        <h2 class=\"main-heading\">Kontaktieren Sie uns<\/h2>\t    <\/div>\r\n\t    \t\t\t\t<\/div>\n\t\t\t\t<\/div>\n\t\t\t\t<div class=\"elementor-element elementor-element-d1b9e95 elementor-widget elementor-widget-text-editor\" data-id=\"d1b9e95\" data-element_type=\"widget\" data-e-type=\"widget\" data-widget_type=\"text-editor.default\">\n\t\t\t\t<div class=\"elementor-widget-container\">\n\t\t\t\t\t\t\t\t\t<p>Rufen Sie uns an oder besuchen Sie uns jederzeit. Wir bem\u00fchen uns, alle Anfragen innerhalb von 24 Stunden an Werktagen zu beantworten. Gerne stehen wir Ihnen f\u00fcr Fragen zur Verf\u00fcgung.<\/p>\t\t\t\t\t\t\t\t<\/div>\n\t\t\t\t<\/div>\n\t\t\t\t<div class=\"elementor-element elementor-element-b59a336 contact-link elementor-widget elementor-widget-icontact_info\" data-id=\"b59a336\" data-element_type=\"widget\" data-e-type=\"widget\" data-widget_type=\"icontact_info.default\">\n\t\t\t\t<div class=\"elementor-widget-container\">\n\t\t\t\t\t\t\t\t\t\t    \t<div class=\"contact-info box-style1\">\r\n\t\t\t\t\t\t\t\t    \t\t        <i class=\"flaticon-world-globe\"><\/i>\t\t\t        <div class=\"info-text\">\r\n\t\t\t        \t<h6>Unsere Adresse:<\/h6>\r\n\t\t\t        \t<p><a href=\"https:\/\/goo.gl\/maps\/gfWpkGkDKBeThBbz9\">13bis avenue de la Motte Picquet 75007 Paris<\/a><\/p>\r\n\t\t\t        <\/div>\r\n\t\t\t    <\/div>\r\n\t\t    \t    \t\t\t\t<\/div>\n\t\t\t\t<\/div>\n\t\t\t\t<div class=\"elementor-element elementor-element-4c90f57 contact-link elementor-widget elementor-widget-icontact_info\" data-id=\"4c90f57\" data-element_type=\"widget\" data-e-type=\"widget\" data-widget_type=\"icontact_info.default\">\n\t\t\t\t<div class=\"elementor-widget-container\">\n\t\t\t\t\t\t\t\t\t\t    \t<div class=\"contact-info box-style1\">\r\n\t\t\t\t\t\t\t\t    \t\t        <i class=\"flaticon-envelope\"><\/i>\t\t\t        <div class=\"info-text\">\r\n\t\t\t        \t<h6>Unser Postfach:<\/h6>\r\n\t\t\t        \t<p><a href=\"mailto:contact@feel-it-services.com\">contact@feel-it-services.com<\/a><\/p>\r\n\t\t\t        <\/div>\r\n\t\t\t    <\/div>\r\n\t\t    \t    \t\t\t\t<\/div>\n\t\t\t\t<\/div>\n\t\t\t\t<div class=\"elementor-element elementor-element-a59e635 contact-link elementor-widget elementor-widget-icontact_info\" data-id=\"a59e635\" data-element_type=\"widget\" data-e-type=\"widget\" data-widget_type=\"icontact_info.default\">\n\t\t\t\t<div class=\"elementor-widget-container\">\n\t\t\t\t\t\t\t\t\t\t    \t<div class=\"contact-info box-style1\">\r\n\t\t\t\t\t\t\t\t    \t\t        <i class=\"flaticon-phone-1\"><\/i>\t\t\t        <div class=\"info-text\">\r\n\t\t\t        \t<h6>Unser Telefon:<\/h6>\r\n\t\t\t        \t<p><a href=\"tel:+33%206%2062%2088%2036%2050\">+33 6 62 88 36 50<\/a><\/p>\r\n\t\t\t        <\/div>\r\n\t\t\t    <\/div>\r\n\t\t    \t    \t\t\t\t<\/div>\n\t\t\t\t<\/div>\n\t\t\t\t\t<\/div>\n\t\t<\/div>\n\t\t\t\t<div class=\"elementor-column elementor-col-50 elementor-top-column elementor-element elementor-element-add1e18 ot-flex-column-vertical\" data-id=\"add1e18\" data-element_type=\"column\" data-e-type=\"column\">\n\t\t\t<div class=\"elementor-widget-wrap elementor-element-populated\">\n\t\t\t\t\t\t<div class=\"elementor-element elementor-element-5c60825 elementor-widget elementor-widget-shortcode\" data-id=\"5c60825\" data-element_type=\"widget\" data-e-type=\"widget\" data-widget_type=\"shortcode.default\">\n\t\t\t\t<div class=\"elementor-widget-container\">\n\t\t\t\t\t\t\t<div class=\"elementor-shortcode\">\n<div class=\"wpcf7 no-js\" id=\"wpcf7-f23277-o1\" lang=\"de-DE\" dir=\"ltr\" data-wpcf7-id=\"23277\">\n<div class=\"screen-reader-response\"><p role=\"status\" aria-live=\"polite\" aria-atomic=\"true\"><\/p> <ul><\/ul><\/div>\n<form action=\"\/de\/wp-json\/wp\/v2\/pages\/22853#wpcf7-f23277-o1\" method=\"post\" class=\"wpcf7-form init\" aria-label=\"Kontaktformular\" novalidate=\"novalidate\" data-status=\"init\">\n<fieldset class=\"hidden-fields-container\"><input type=\"hidden\" name=\"_wpcf7\" value=\"23277\" \/><input type=\"hidden\" name=\"_wpcf7_version\" value=\"6.1.5\" \/><input type=\"hidden\" name=\"_wpcf7_locale\" value=\"de_DE\" \/><input type=\"hidden\" name=\"_wpcf7_unit_tag\" value=\"wpcf7-f23277-o1\" \/><input type=\"hidden\" name=\"_wpcf7_container_post\" value=\"0\" \/><input type=\"hidden\" name=\"_wpcf7_posted_data_hash\" value=\"\" \/><input type=\"hidden\" name=\"_wpcf7_recaptcha_response\" value=\"\" \/>\n<\/fieldset>\n<div class=\"main-form\">\n\t<h2>Kontaktieren Sie uns\n\t<\/h2>\n\t<p class=\"font14\">Ihre E-Mail-Adresse wird nicht ver\u00f6ffentlicht. Pflichtfelder sind mit * gekennzeichnet.\n\t<\/p>\n\t<p><span class=\"wpcf7-form-control-wrap\" data-name=\"your-name\"><input size=\"40\" maxlength=\"400\" class=\"wpcf7-form-control wpcf7-text wpcf7-validates-as-required\" aria-required=\"true\" aria-invalid=\"false\" placeholder=\"Name *\" value=\"\" type=\"text\" name=\"your-name\" \/><\/span>\n\t<\/p>\n\t<p><span class=\"wpcf7-form-control-wrap\" data-name=\"company\"><input size=\"40\" maxlength=\"400\" class=\"wpcf7-form-control wpcf7-text\" aria-invalid=\"false\" placeholder=\"Firma\" value=\"\" type=\"text\" name=\"company\" \/><\/span>\n\t<\/p>\n\t<p><span class=\"wpcf7-form-control-wrap\" data-name=\"your-email\"><input size=\"40\" maxlength=\"400\" class=\"wpcf7-form-control wpcf7-email wpcf7-validates-as-required wpcf7-text wpcf7-validates-as-email\" aria-required=\"true\" aria-invalid=\"false\" placeholder=\"E-mail *\" value=\"\" type=\"email\" name=\"your-email\" \/><\/span>\n\t<\/p>\n\t<p class=\"custom-select\"><span class=\"wpcf7-form-control-wrap\" data-name=\"your-subject\"><select class=\"wpcf7-form-control wpcf7-select\" aria-invalid=\"false\" name=\"your-subject\"><option value=\"Webentwicklung\">Webentwicklung<\/option><option value=\"Entwicklung mobiler Apps\">Entwicklung mobiler Apps<\/option><option value=\"Entwicklung von Desktop-Anwendungen\">Entwicklung von Desktop-Anwendungen<\/option><option value=\"Service Desk und Support\">Service Desk und Support<\/option><option value=\"Penetrationstests &amp; Cybersicherheit\">Penetrationstests &amp; Cybersicherheit<\/option><option value=\"KI &amp; Big Data\">KI &amp; Big Data<\/option><\/select><\/span>\n\t<\/p>\n\t<p><span class=\"wpcf7-form-control-wrap\" data-name=\"your-message\"><textarea cols=\"40\" rows=\"10\" maxlength=\"2000\" class=\"wpcf7-form-control wpcf7-textarea\" aria-invalid=\"false\" placeholder=\"Nachricht...\" name=\"your-message\"><\/textarea><\/span>\n\t<\/p>\n\t<p><button type=\"submit\" class=\"octf-btn octf-btn-light\">Nachricht senden<\/button>\n\t<\/p>\n<\/div><p style=\"display: none !important;\" class=\"akismet-fields-container\" data-prefix=\"_wpcf7_ak_\"><label>&#916;<textarea name=\"_wpcf7_ak_hp_textarea\" cols=\"45\" rows=\"8\" maxlength=\"100\"><\/textarea><\/label><input type=\"hidden\" id=\"ak_js_1\" name=\"_wpcf7_ak_js\" value=\"53\"\/><script type=\"text\/javascript\">\n\/* <![CDATA[ *\/\ndocument.getElementById( \"ak_js_1\" ).setAttribute( \"value\", ( new Date() ).getTime() );\n\/* ]]> *\/\n<\/script>\n<\/p><div class=\"wpcf7-response-output\" aria-hidden=\"true\"><\/div>\n<\/form>\n<\/div>\n<\/div>\n\t\t\t\t\t\t<\/div>\n\t\t\t\t<\/div>\n\t\t\t\t\t<\/div>\n\t\t<\/div>\n\t\t\t\t\t<\/div>\n\t\t<\/section>\n\t\t\t\t<section class=\"elementor-section elementor-top-section elementor-element elementor-element-d10e984 elementor-section-content-middle elementor-section-full_width ot-traditional elementor-section-height-default elementor-section-height-default\" data-id=\"d10e984\" data-element_type=\"section\" data-e-type=\"section\">\n\t\t\t\t\t\t<div class=\"elementor-container elementor-column-gap-extended\">\n\t\t\t\t\t<div class=\"elementor-column elementor-col-50 elementor-top-column elementor-element elementor-element-660cf0f ot-flex-column-vertical\" data-id=\"660cf0f\" data-element_type=\"column\" data-e-type=\"column\" data-settings=\"{&quot;background_background&quot;:&quot;classic&quot;}\">\n\t\t\t<div class=\"elementor-widget-wrap elementor-element-populated\">\n\t\t\t\t\t\t<div class=\"elementor-element elementor-element-4b729df elementor-widget elementor-widget-iheading\" data-id=\"4b729df\" data-element_type=\"widget\" data-e-type=\"widget\" data-widget_type=\"iheading.default\">\n\t\t\t\t<div class=\"elementor-widget-container\">\n\t\t\t\t\t\t\t<div class=\"ot-heading\">\r\n\t        \t            <span>France<\/span>\r\n\t        <h2 class=\"main-heading\">Paris<\/h2>\t    <\/div>\r\n\t    \t\t\t\t<\/div>\n\t\t\t\t<\/div>\n\t\t\t\t<div class=\"elementor-element elementor-element-fb9ac68 elementor-widget__width-initial elementor-widget elementor-widget-text-editor\" data-id=\"fb9ac68\" data-element_type=\"widget\" data-e-type=\"widget\" data-widget_type=\"text-editor.default\">\n\t\t\t\t<div class=\"elementor-widget-container\">\n\t\t\t\t\t\t\t\t\t<p><span style=\"font-weight: 400;\">Feel IT Services, located at 13bis Avenue de la Motte Picquet, 75007 Paris, France<\/span><\/p>\n\t\t\t\t\t\t\t\t<\/div>\n\t\t\t\t<\/div>\n\t\t\t\t\t<\/div>\n\t\t<\/div>\n\t\t\t\t<div class=\"elementor-column elementor-col-50 elementor-top-column elementor-element elementor-element-b5d5268 elementor-hidden-mobile ot-flex-column-vertical\" data-id=\"b5d5268\" data-element_type=\"column\" data-e-type=\"column\">\n\t\t\t<div class=\"elementor-widget-wrap elementor-element-populated\">\n\t\t\t\t\t\t<div class=\"elementor-element elementor-element-b3ed50d elementor-widget elementor-widget-google_maps\" data-id=\"b3ed50d\" data-element_type=\"widget\" data-e-type=\"widget\" data-widget_type=\"google_maps.default\">\n\t\t\t\t<div class=\"elementor-widget-container\">\n\t\t\t\t\t\t\t<div class=\"elementor-custom-embed\">\n\t\t\t<iframe loading=\"lazy\"\n\t\t\t\t\tsrc=\"https:\/\/maps.google.com\/maps?q=Feel%20IT%20Services%2C%20located%20at%2013bis%20Avenue%20de%20la%20Motte%20Picquet%2C%2075007%20Paris%2C%20France%20%20%C2%A0&#038;t=m&#038;z=10&#038;output=embed&#038;iwloc=near\"\n\t\t\t\t\ttitle=\"Feel IT Services, located at 13bis Avenue de la Motte Picquet, 75007 Paris, France  \u00a0\"\n\t\t\t\t\taria-label=\"Feel IT Services, located at 13bis Avenue de la Motte Picquet, 75007 Paris, France  \u00a0\"\n\t\t\t><\/iframe>\n\t\t<\/div>\n\t\t\t\t\t\t<\/div>\n\t\t\t\t<\/div>\n\t\t\t\t\t<\/div>\n\t\t<\/div>\n\t\t\t\t\t<\/div>\n\t\t<\/section>\n\t\t\t\t<section class=\"elementor-section elementor-top-section elementor-element elementor-element-076355a elementor-section-content-middle elementor-reverse-mobile elementor-section-full_width ot-traditional elementor-section-height-default elementor-section-height-default\" data-id=\"076355a\" data-element_type=\"section\" data-e-type=\"section\">\n\t\t\t\t\t\t<div class=\"elementor-container elementor-column-gap-extended\">\n\t\t\t\t\t<div class=\"elementor-column elementor-col-50 elementor-top-column elementor-element elementor-element-0d5d721 elementor-hidden-mobile ot-flex-column-vertical\" data-id=\"0d5d721\" data-element_type=\"column\" data-e-type=\"column\">\n\t\t\t<div class=\"elementor-widget-wrap elementor-element-populated\">\n\t\t\t\t\t\t<div class=\"elementor-element elementor-element-d723342 elementor-widget elementor-widget-google_maps\" data-id=\"d723342\" data-element_type=\"widget\" data-e-type=\"widget\" data-widget_type=\"google_maps.default\">\n\t\t\t\t<div class=\"elementor-widget-container\">\n\t\t\t\t\t\t\t<div class=\"elementor-custom-embed\">\n\t\t\t<iframe loading=\"lazy\"\n\t\t\t\t\tsrc=\"https:\/\/maps.google.com\/maps?q=Calea%20chisinaului%20132%20iasi%20dolinex&#038;t=m&#038;z=10&#038;output=embed&#038;iwloc=near\"\n\t\t\t\t\ttitle=\"Calea chisinaului 132 iasi dolinex\"\n\t\t\t\t\taria-label=\"Calea chisinaului 132 iasi dolinex\"\n\t\t\t><\/iframe>\n\t\t<\/div>\n\t\t\t\t\t\t<\/div>\n\t\t\t\t<\/div>\n\t\t\t\t\t<\/div>\n\t\t<\/div>\n\t\t\t\t<div class=\"elementor-column elementor-col-50 elementor-top-column elementor-element elementor-element-d979960 ot-flex-column-vertical\" data-id=\"d979960\" data-element_type=\"column\" data-e-type=\"column\" data-settings=\"{&quot;background_background&quot;:&quot;classic&quot;}\">\n\t\t\t<div class=\"elementor-widget-wrap elementor-element-populated\">\n\t\t\t\t\t\t<div class=\"elementor-element elementor-element-d12af47 elementor-widget elementor-widget-iheading\" data-id=\"d12af47\" data-element_type=\"widget\" data-e-type=\"widget\" data-widget_type=\"iheading.default\">\n\t\t\t\t<div class=\"elementor-widget-container\">\n\t\t\t\t\t\t\t<div class=\"ot-heading\">\r\n\t        \t            <span>Romania<\/span>\r\n\t        <h2 class=\"main-heading\">Ia\u0219i<\/h2>\t    <\/div>\r\n\t    \t\t\t\t<\/div>\n\t\t\t\t<\/div>\n\t\t\t\t<div class=\"elementor-element elementor-element-39ea035 elementor-widget__width-initial elementor-widget elementor-widget-text-editor\" data-id=\"39ea035\" data-element_type=\"widget\" data-e-type=\"widget\" data-widget_type=\"text-editor.default\">\n\t\t\t\t<div class=\"elementor-widget-container\">\n\t\t\t\t\t\t\t\t\t<p>SC Feel IT SRL, located at Calea Chi\u0219in\u0103ului nr 132, 3rd Floor, Ia\u0219i, Romania<\/p>\n\t\t\t\t\t\t\t\t<\/div>\n\t\t\t\t<\/div>\n\t\t\t\t\t<\/div>\n\t\t<\/div>\n\t\t\t\t\t<\/div>\n\t\t<\/section>\n\t\t\t\t<section class=\"elementor-section elementor-top-section elementor-element elementor-element-92e5432 elementor-section-content-middle elementor-section-full_width ot-traditional elementor-section-height-default elementor-section-height-default\" data-id=\"92e5432\" data-element_type=\"section\" data-e-type=\"section\">\n\t\t\t\t\t\t<div class=\"elementor-container elementor-column-gap-extended\">\n\t\t\t\t\t<div class=\"elementor-column elementor-col-50 elementor-top-column elementor-element elementor-element-947f127 ot-flex-column-vertical\" data-id=\"947f127\" data-element_type=\"column\" data-e-type=\"column\" data-settings=\"{&quot;background_background&quot;:&quot;classic&quot;}\">\n\t\t\t<div class=\"elementor-widget-wrap elementor-element-populated\">\n\t\t\t\t\t\t<div class=\"elementor-element elementor-element-1f7f783 elementor-widget elementor-widget-iheading\" data-id=\"1f7f783\" data-element_type=\"widget\" data-e-type=\"widget\" data-widget_type=\"iheading.default\">\n\t\t\t\t<div class=\"elementor-widget-container\">\n\t\t\t\t\t\t\t<div class=\"ot-heading\">\r\n\t        \t            <span>Moldova<\/span>\r\n\t        <h2 class=\"main-heading\">Chi\u0219in\u0103u<\/h2>\t    <\/div>\r\n\t    \t\t\t\t<\/div>\n\t\t\t\t<\/div>\n\t\t\t\t<div class=\"elementor-element elementor-element-8a0e120 elementor-widget__width-initial elementor-widget elementor-widget-text-editor\" data-id=\"8a0e120\" data-element_type=\"widget\" data-e-type=\"widget\" data-widget_type=\"text-editor.default\">\n\t\t\t\t<div class=\"elementor-widget-container\">\n\t\t\t\t\t\t\t\t\t<p><span style=\"font-weight: 400;\">SRL Feel IT MOL, located at Trandafirilor Street 6\/2, Chi\u0219in\u0103u 2038, Moldova<\/span><\/p>\n\t\t\t\t\t\t\t\t<\/div>\n\t\t\t\t<\/div>\n\t\t\t\t\t<\/div>\n\t\t<\/div>\n\t\t\t\t<div class=\"elementor-column elementor-col-50 elementor-top-column elementor-element elementor-element-7e6a1fd elementor-hidden-mobile ot-flex-column-vertical\" data-id=\"7e6a1fd\" data-element_type=\"column\" data-e-type=\"column\">\n\t\t\t<div class=\"elementor-widget-wrap elementor-element-populated\">\n\t\t\t\t\t\t<div class=\"elementor-element elementor-element-9c5848d elementor-widget elementor-widget-google_maps\" data-id=\"9c5848d\" data-element_type=\"widget\" data-e-type=\"widget\" data-widget_type=\"google_maps.default\">\n\t\t\t\t<div class=\"elementor-widget-container\">\n\t\t\t\t\t\t\t<div class=\"elementor-custom-embed\">\n\t\t\t<iframe loading=\"lazy\"\n\t\t\t\t\tsrc=\"https:\/\/maps.google.com\/maps?q=Feel%20IT%20Services%20-%20Chisinau&#038;t=m&#038;z=10&#038;output=embed&#038;iwloc=near\"\n\t\t\t\t\ttitle=\"Feel IT Services - Chisinau\"\n\t\t\t\t\taria-label=\"Feel IT Services - Chisinau\"\n\t\t\t><\/iframe>\n\t\t<\/div>\n\t\t\t\t\t\t<\/div>\n\t\t\t\t<\/div>\n\t\t\t\t\t<\/div>\n\t\t<\/div>\n\t\t\t\t\t<\/div>\n\t\t<\/section>\n\t\t\t\t<section class=\"elementor-section elementor-top-section elementor-element elementor-element-ff69782 elementor-section-content-middle elementor-reverse-mobile elementor-section-full_width ot-traditional elementor-section-height-default elementor-section-height-default\" data-id=\"ff69782\" data-element_type=\"section\" data-e-type=\"section\">\n\t\t\t\t\t\t<div class=\"elementor-container elementor-column-gap-extended\">\n\t\t\t\t\t<div class=\"elementor-column elementor-col-50 elementor-top-column elementor-element elementor-element-f358656 elementor-hidden-mobile ot-flex-column-vertical\" data-id=\"f358656\" data-element_type=\"column\" data-e-type=\"column\">\n\t\t\t<div class=\"elementor-widget-wrap elementor-element-populated\">\n\t\t\t\t\t\t<div class=\"elementor-element elementor-element-646adcd elementor-widget elementor-widget-google_maps\" data-id=\"646adcd\" data-element_type=\"widget\" data-e-type=\"widget\" data-widget_type=\"google_maps.default\">\n\t\t\t\t<div class=\"elementor-widget-container\">\n\t\t\t\t\t\t\t<div class=\"elementor-custom-embed\">\n\t\t\t<iframe loading=\"lazy\"\n\t\t\t\t\tsrc=\"https:\/\/maps.google.com\/maps?q=Feel%20IT%20in%20Israel%20LTD%2C%20located%20at%20Point%2C%20Azrieli%20Sarona%20Tower%2C%20121%20Menachem%20Begin%20Road%2C%20Tel%20Aviv%2C%20zip%20code%206701203&#038;t=m&#038;z=10&#038;output=embed&#038;iwloc=near\"\n\t\t\t\t\ttitle=\"Feel IT in Israel LTD, located at Point, Azrieli Sarona Tower, 121 Menachem Begin Road, Tel Aviv, zip code 6701203\"\n\t\t\t\t\taria-label=\"Feel IT in Israel LTD, located at Point, Azrieli Sarona Tower, 121 Menachem Begin Road, Tel Aviv, zip code 6701203\"\n\t\t\t><\/iframe>\n\t\t<\/div>\n\t\t\t\t\t\t<\/div>\n\t\t\t\t<\/div>\n\t\t\t\t\t<\/div>\n\t\t<\/div>\n\t\t\t\t<div class=\"elementor-column elementor-col-50 elementor-top-column elementor-element elementor-element-9b4d301 ot-flex-column-vertical\" data-id=\"9b4d301\" data-element_type=\"column\" data-e-type=\"column\" data-settings=\"{&quot;background_background&quot;:&quot;classic&quot;}\">\n\t\t\t<div class=\"elementor-widget-wrap elementor-element-populated\">\n\t\t\t\t\t\t<div class=\"elementor-element elementor-element-25512fb elementor-widget elementor-widget-iheading\" data-id=\"25512fb\" data-element_type=\"widget\" data-e-type=\"widget\" data-widget_type=\"iheading.default\">\n\t\t\t\t<div class=\"elementor-widget-container\">\n\t\t\t\t\t\t\t<div class=\"ot-heading\">\r\n\t        \t            <span>Israel<\/span>\r\n\t        <h2 class=\"main-heading\">Tel Aviv<\/h2>\t    <\/div>\r\n\t    \t\t\t\t<\/div>\n\t\t\t\t<\/div>\n\t\t\t\t<div class=\"elementor-element elementor-element-0eb2f16 elementor-widget__width-initial elementor-widget elementor-widget-text-editor\" data-id=\"0eb2f16\" data-element_type=\"widget\" data-e-type=\"widget\" data-widget_type=\"text-editor.default\">\n\t\t\t\t<div class=\"elementor-widget-container\">\n\t\t\t\t\t\t\t\t\t<p><span style=\"font-weight: 400;\">Feel IT in Israel LTD, located at Point, Azrieli Sarona Tower, 121 Menachem Begin Road, Tel Aviv, zip code 6701203<\/span><\/p>\n\t\t\t\t\t\t\t\t<\/div>\n\t\t\t\t<\/div>\n\t\t\t\t\t<\/div>\n\t\t<\/div>\n\t\t\t\t\t<\/div>\n\t\t<\/section>\n\t\t\t\t<\/div>\n\t\t","protected":false},"excerpt":{"rendered":"<p>Feel IT Services Kontaktieren Sie uns Rufen Sie uns an oder besuchen Sie uns jederzeit. Wir bem\u00fchen uns, alle Anfragen innerhalb von 24 Stunden an Werktagen zu beantworten. Gerne stehen wir Ihnen f\u00fcr Fragen zur Verf\u00fcgung. Unsere Adresse: 13bis avenue de la Motte Picquet 75007 Paris Unser Postfach: contact@feel-it-services.com Unser Telefon: +33 6 62 88 [&hellip;]<\/p>\n","protected":false},"author":3,"featured_media":0,"parent":0,"menu_order":0,"comment_status":"closed","ping_status":"closed","template":"","meta":{"footnotes":""},"class_list":["post-22853","page","type-page","status-publish","hentry"],"yoast_head":"<!-- This site is optimized with the Yoast SEO plugin v27.5 - https:\/\/yoast.com\/product\/yoast-seo-wordpress\/ -->\n<title>Feel IT Services - Contact Us Now<\/title>\n<meta name=\"description\" content=\"Interested in our services? Visit this web page to contact Feel IT Services and learn more information about how we can help you today\" \/>\n<meta name=\"robots\" content=\"index, follow, max-snippet:-1, max-image-preview:large, max-video-preview:-1\" \/>\n<link rel=\"canonical\" href=\"https:\/\/feel-it-services.com\/de\/contacts-de\/\" \/>\n<meta property=\"og:locale\" content=\"de_DE\" \/>\n<meta property=\"og:type\" content=\"article\" \/>\n<meta property=\"og:title\" content=\"Feel IT Services - Contact Us Now\" \/>\n<meta property=\"og:description\" content=\"Interested in our services? Visit this web page to contact Feel IT Services and learn more information about how we can help you today\" \/>\n<meta property=\"og:url\" content=\"https:\/\/feel-it-services.com\/de\/contacts-de\/\" \/>\n<meta property=\"og:site_name\" content=\"Feel-IT services\" \/>\n<meta property=\"article:publisher\" content=\"https:\/\/www.facebook.com\/FeelITServices\/\" \/>\n<meta property=\"article:modified_time\" content=\"2025-02-24T10:02:39+00:00\" \/>\n<meta name=\"twitter:card\" content=\"summary_large_image\" \/>\n<meta name=\"twitter:site\" content=\"@FeelITServices\" \/>\n<meta name=\"twitter:label1\" content=\"Gesch\u00e4tzte Lesezeit\" \/>\n\t<meta name=\"twitter:data1\" content=\"1\u00a0Minute\" \/>\n<!-- \/ Yoast SEO plugin. -->","yoast_head_json":{"title":"Feel IT Services - Contact Us Now","description":"Interested in our services? Visit this web page to contact Feel IT Services and learn more information about how we can help you today","robots":{"index":"index","follow":"follow","max-snippet":"max-snippet:-1","max-image-preview":"max-image-preview:large","max-video-preview":"max-video-preview:-1"},"canonical":"https:\/\/feel-it-services.com\/de\/contacts-de\/","og_locale":"de_DE","og_type":"article","og_title":"Feel IT Services - Contact Us Now","og_description":"Interested in our services? Visit this web page to contact Feel IT Services and learn more information about how we can help you today","og_url":"https:\/\/feel-it-services.com\/de\/contacts-de\/","og_site_name":"Feel-IT services","article_publisher":"https:\/\/www.facebook.com\/FeelITServices\/","article_modified_time":"2025-02-24T10:02:39+00:00","twitter_card":"summary_large_image","twitter_site":"@FeelITServices","twitter_misc":{"Gesch\u00e4tzte Lesezeit":"1\u00a0Minute"},"schema":{"@context":"https:\/\/schema.org","@graph":[{"@type":"WebPage","@id":"https:\/\/feel-it-services.com\/de\/contacts-de\/","url":"https:\/\/feel-it-services.com\/de\/contacts-de\/","name":"Feel IT Services - Contact Us Now","isPartOf":{"@id":"https:\/\/feel-it-services.com\/de\/#website"},"datePublished":"2020-01-02T09:28:08+00:00","dateModified":"2025-02-24T10:02:39+00:00","description":"Interested in our services? Visit this web page to contact Feel IT Services and learn more information about how we can help you today","breadcrumb":{"@id":"https:\/\/feel-it-services.com\/de\/contacts-de\/#breadcrumb"},"inLanguage":"de","potentialAction":[{"@type":"ReadAction","target":["https:\/\/feel-it-services.com\/de\/contacts-de\/"]}]},{"@type":"BreadcrumbList","@id":"https:\/\/feel-it-services.com\/de\/contacts-de\/#breadcrumb","itemListElement":[{"@type":"ListItem","position":1,"name":"Accueil","item":"https:\/\/feel-it-services.com\/de\/"},{"@type":"ListItem","position":2,"name":"Contacts"}]},{"@type":"WebSite","@id":"https:\/\/feel-it-services.com\/de\/#website","url":"https:\/\/feel-it-services.com\/de\/","name":"Feel-IT services","description":"IT services you need","publisher":{"@id":"https:\/\/feel-it-services.com\/de\/#organization"},"potentialAction":[{"@type":"SearchAction","target":{"@type":"EntryPoint","urlTemplate":"https:\/\/feel-it-services.com\/de\/?s={search_term_string}"},"query-input":{"@type":"PropertyValueSpecification","valueRequired":true,"valueName":"search_term_string"}}],"inLanguage":"de"},{"@type":"Organization","@id":"https:\/\/feel-it-services.com\/de\/#organization","name":"Feel-IT services","url":"https:\/\/feel-it-services.com\/de\/","logo":{"@type":"ImageObject","inLanguage":"de","@id":"https:\/\/feel-it-services.com\/de\/#\/schema\/logo\/image\/","url":"https:\/\/feel-it-services.com\/wp-content\/uploads\/2023\/04\/logo.png","contentUrl":"https:\/\/feel-it-services.com\/wp-content\/uploads\/2023\/04\/logo.png","width":300,"height":121,"caption":"Feel-IT services"},"image":{"@id":"https:\/\/feel-it-services.com\/de\/#\/schema\/logo\/image\/"},"sameAs":["https:\/\/www.facebook.com\/FeelITServices\/","https:\/\/x.com\/FeelITServices","https:\/\/www.linkedin.com\/company\/feel-it-services\/","https:\/\/www.instagram.com\/feel_it_services\/"]}]}},"_links":{"self":[{"href":"https:\/\/feel-it-services.com\/de\/wp-json\/wp\/v2\/pages\/22853","targetHints":{"allow":["GET"]}}],"collection":[{"href":"https:\/\/feel-it-services.com\/de\/wp-json\/wp\/v2\/pages"}],"about":[{"href":"https:\/\/feel-it-services.com\/de\/wp-json\/wp\/v2\/types\/page"}],"author":[{"embeddable":true,"href":"https:\/\/feel-it-services.com\/de\/wp-json\/wp\/v2\/users\/3"}],"replies":[{"embeddable":true,"href":"https:\/\/feel-it-services.com\/de\/wp-json\/wp\/v2\/comments?post=22853"}],"version-history":[{"count":5,"href":"https:\/\/feel-it-services.com\/de\/wp-json\/wp\/v2\/pages\/22853\/revisions"}],"predecessor-version":[{"id":23079,"href":"https:\/\/feel-it-services.com\/de\/wp-json\/wp\/v2\/pages\/22853\/revisions\/23079"}],"wp:attachment":[{"href":"https:\/\/feel-it-services.com\/de\/wp-json\/wp\/v2\/media?parent=22853"}],"curies":[{"name":"wp","href":"https:\/\/api.w.org\/{rel}","templated":true}]}}