{"id":22737,"date":"2023-05-28T08:19:30","date_gmt":"2023-05-28T08:19:30","guid":{"rendered":"https:\/\/feel-it-services.com\/testimonials\/"},"modified":"2026-03-16T04:01:11","modified_gmt":"2026-03-16T04:01:11","slug":"testimonials","status":"publish","type":"page","link":"https:\/\/feel-it-services.com\/de\/testimonials\/","title":{"rendered":"Erfahrungsberichte"},"content":{"rendered":"\t\t<div data-elementor-type=\"wp-page\" data-elementor-id=\"22737\" class=\"elementor elementor-22737 elementor-7574\" data-elementor-post-type=\"page\">\n\t\t\t\t\t\t<section class=\"elementor-section elementor-top-section elementor-element elementor-element-0c0333c ot-traditional elementor-section-boxed elementor-section-height-default elementor-section-height-default\" data-id=\"0c0333c\" data-element_type=\"section\" data-e-type=\"section\">\n\t\t\t\t\t\t<div class=\"elementor-container elementor-column-gap-default\">\n\t\t\t\t\t<div class=\"elementor-column elementor-col-100 elementor-top-column elementor-element elementor-element-71401c4 ot-flex-column-vertical\" data-id=\"71401c4\" data-element_type=\"column\" data-e-type=\"column\">\n\t\t\t<div class=\"elementor-widget-wrap elementor-element-populated\">\n\t\t\t\t\t\t<section class=\"elementor-section elementor-inner-section elementor-element elementor-element-83c67aa ot-traditional elementor-section-boxed elementor-section-height-default elementor-section-height-default\" data-id=\"83c67aa\" data-element_type=\"section\" data-e-type=\"section\" data-settings=\"{&quot;background_background&quot;:&quot;classic&quot;}\">\n\t\t\t\t\t\t<div class=\"elementor-container elementor-column-gap-default\">\n\t\t\t\t\t<div class=\"elementor-column elementor-col-100 elementor-inner-column elementor-element elementor-element-e2d14cb ot-flex-column-vertical\" data-id=\"e2d14cb\" data-element_type=\"column\" data-e-type=\"column\">\n\t\t\t<div class=\"elementor-widget-wrap elementor-element-populated\">\n\t\t\t\t\t\t<div class=\"elementor-element elementor-element-1b2576b elementor-widget elementor-widget-testimonial\" data-id=\"1b2576b\" data-element_type=\"widget\" data-e-type=\"widget\" data-widget_type=\"testimonial.default\">\n\t\t\t\t<div class=\"elementor-widget-container\">\n\t\t\t\t\t\t\t<div class=\"elementor-testimonial-wrapper\">\n\t\t\t\t\t\t\t<div class=\"elementor-testimonial-content\">Seit 2013 hat unser Unternehmen das gro\u00dfe Privileg, mit Feel IT zusammenzuarbeiten, um all unsere IT-Anforderungen zu betreuen. Ihre herausragende Expertise und fundierten Empfehlungen sind f\u00fcr uns ein unsch\u00e4tzbarer Vorteil. <br> <\/br>Besonders wertvoll ist die kontinuierliche Unterst\u00fctzung durch einen dedizierten Projektmanager.\nBei Feel IT beschr\u00e4nkt man sich nicht darauf, Probleme zu identifizieren \u2013 das Team entwickelt aktiv L\u00f6sungen und setzt diese mit beeindruckender Geschwindigkeit und Effizienz um. Ihre schnelle Reaktionsf\u00e4higkeit gibt uns jederzeit ein hohes Ma\u00df an Sicherheit.<br><br>\nFeel IT hat ein ma\u00dfgeschneidertes Team f\u00fcr unser Entwicklungsprojekt aufgebaut. Unsere Plattform war zun\u00e4chst auf .NET ausgerichtet und entwickelte sich sp\u00e4ter in Richtung einer modernen AWS-Umgebung \u2013 und Feel IT hat sich entsprechend angepasst. Das Team umfasst Back-End- und Front-End-Entwickler, DevOps- und Systemingenieure, Tester, Projektmanager, Designer sowie ein First-Level-Support-Team.<br><br>\nEin weiterer gro\u00dfer Vorteil von Feel IT ist die F\u00e4higkeit, sowohl auf Franz\u00f6sisch als auch auf Englisch effektiv zu kommunizieren, was unsere Zusammenarbeit erheblich erleichtert hat.\nZusammenfassend l\u00e4sst sich sagen, dass Feel IT nicht nur unser IT-Dienstleister ist, sondern ein wichtiger Partner auf unserem Weg zu Wachstum und Erfolg. Ihr Engagement f\u00fcr exzellenten Service zeigt sich deutlich in ihrem Einsatz f\u00fcr unser Projekt und ihrer Bereitschaft, stets einen Schritt weiterzugehen, um unsere Anforderungen zu erf\u00fcllen.\n<\/div>\n\t\t\t\n\t\t\t\t\t\t<div class=\"elementor-testimonial-meta elementor-has-image elementor-testimonial-image-position-aside\">\n\t\t\t\t<div class=\"elementor-testimonial-meta-inner\">\n\t\t\t\t\t\t\t\t\t\t\t<div class=\"elementor-testimonial-image\">\n\t\t\t\t\t\t\t<img decoding=\"async\" src=\"https:\/\/feel-it-services.com\/wp-content\/plugins\/elementor\/assets\/images\/placeholder.png\" title=\"\" alt=\"\" loading=\"lazy\" \/>\t\t\t\t\t\t<\/div>\n\t\t\t\t\t\n\t\t\t\t\t\t\t\t\t\t<div class=\"elementor-testimonial-details\">\n\t\t\t\t\t\t\t\t\t\t\t\t\t\t<div class=\"elementor-testimonial-name\">CEO<\/div>\n\t\t\t\t\t\t\t\t\t\t\t\t\t\t\t\t\t\t\t\t\t\t<div class=\"elementor-testimonial-job\"> Digital Signage Company<\/div>\n\t\t\t\t\t\t\t\t\t\t\t\t\t<\/div>\n\t\t\t\t\t\t\t\t\t<\/div>\n\t\t\t<\/div>\n\t\t\t\t\t<\/div>\n\t\t\t\t\t\t<\/div>\n\t\t\t\t<\/div>\n\t\t\t\t\t<\/div>\n\t\t<\/div>\n\t\t\t\t\t<\/div>\n\t\t<\/section>\n\t\t\t\t\t<\/div>\n\t\t<\/div>\n\t\t\t\t\t<\/div>\n\t\t<\/section>\n\t\t\t\t<section class=\"elementor-section elementor-top-section elementor-element elementor-element-7c64d94 elementor-section-content-middle testimonials ot-traditional elementor-section-boxed elementor-section-height-default elementor-section-height-default\" data-id=\"7c64d94\" data-element_type=\"section\" data-e-type=\"section\">\n\t\t\t\t\t\t<div class=\"elementor-container elementor-column-gap-wider\">\n\t\t\t\t\t<div class=\"elementor-column elementor-col-50 elementor-top-column elementor-element elementor-element-2e01996 ot-flex-column-vertical\" data-id=\"2e01996\" data-element_type=\"column\" data-e-type=\"column\">\n\t\t\t<div class=\"elementor-widget-wrap elementor-element-populated\">\n\t\t\t\t\t\t<div class=\"elementor-element elementor-element-7117e9d elementor-widget elementor-widget-testimonial\" data-id=\"7117e9d\" data-element_type=\"widget\" data-e-type=\"widget\" data-widget_type=\"testimonial.default\">\n\t\t\t\t<div class=\"elementor-widget-container\">\n\t\t\t\t\t\t\t<div class=\"elementor-testimonial-wrapper\">\n\t\t\t\t\t\t\t<div class=\"elementor-testimonial-content\"><p>Ich habe ein \u00e4u\u00dferst zuverl\u00e4ssiges, reaktionsschnelles und effizientes Team von IT-Experten kennengelernt, das nicht nur hochwertige Entwicklungen f\u00fcr unsere Websites bereitstellt, sondern auch Empfehlungen basierend auf unseren Anforderungen gibt.<\/p><p><span data-teams=\"true\"><\/span><\/p><p>Feel-IT bietet nicht nur einen Service \u2013 Sie werden auch eine vertrauensvolle Beziehung aufbauen!<\/p><\/div>\n\t\t\t\n\t\t\t\t\t\t<div class=\"elementor-testimonial-meta elementor-has-image elementor-testimonial-image-position-aside\">\n\t\t\t\t<div class=\"elementor-testimonial-meta-inner\">\n\t\t\t\t\t\t\t\t\t\t\t<div class=\"elementor-testimonial-image\">\n\t\t\t\t\t\t\t<img fetchpriority=\"high\" decoding=\"async\" width=\"725\" height=\"536\" src=\"https:\/\/feel-it-services.com\/wp-content\/uploads\/2023\/05\/museum.jpg\" class=\"attachment-full size-full wp-image-7580\" alt=\"\" srcset=\"https:\/\/feel-it-services.com\/wp-content\/uploads\/2023\/05\/museum.jpg 725w, https:\/\/feel-it-services.com\/wp-content\/uploads\/2023\/05\/museum-300x222.jpg 300w, https:\/\/feel-it-services.com\/wp-content\/uploads\/2023\/05\/museum-720x532.jpg 720w\" sizes=\"(max-width: 725px) 100vw, 725px\" \/>\t\t\t\t\t\t<\/div>\n\t\t\t\t\t\n\t\t\t\t\t\t\t\t\t\t<div class=\"elementor-testimonial-details\">\n\t\t\t\t\t\t\t\t\t\t\t\t\t\t<div class=\"elementor-testimonial-name\">Benjamin Benita<\/div>\n\t\t\t\t\t\t\t\t\t\t\t\t\t\t\t\t\t\t\t\t\t\t<div class=\"elementor-testimonial-job\"> MuseumWeek France<\/div>\n\t\t\t\t\t\t\t\t\t\t\t\t\t<\/div>\n\t\t\t\t\t\t\t\t\t<\/div>\n\t\t\t<\/div>\n\t\t\t\t\t<\/div>\n\t\t\t\t\t\t<\/div>\n\t\t\t\t<\/div>\n\t\t\t\t\t<\/div>\n\t\t<\/div>\n\t\t\t\t<div class=\"elementor-column elementor-col-50 elementor-top-column elementor-element elementor-element-521cfe9 ot-flex-column-vertical\" data-id=\"521cfe9\" data-element_type=\"column\" data-e-type=\"column\">\n\t\t\t<div class=\"elementor-widget-wrap elementor-element-populated\">\n\t\t\t\t\t\t<div class=\"elementor-element elementor-element-e7a3a60 img-obj-fit-contain elementor-widget elementor-widget-testimonial\" data-id=\"e7a3a60\" data-element_type=\"widget\" data-e-type=\"widget\" data-widget_type=\"testimonial.default\">\n\t\t\t\t<div class=\"elementor-widget-container\">\n\t\t\t\t\t\t\t<div class=\"elementor-testimonial-wrapper\">\n\t\t\t\t\t\t\t<div class=\"elementor-testimonial-content\"><p>Feel IT ist eine gro\u00dfe Hilfe f\u00fcr unser Unternehmen. Sie liefern ausgezeichnete IT-Entwickler und engagierte HR-Experten, und ihre Prozesse, \u00dcberwachung und Betreuung meines Projekts sind wirklich erstklassig.<\/p><p><span data-teams=\"true\"><\/span><\/p><p>Insgesamt bin ich sehr zufrieden mit den Dienstleistungen, die Feel IT erbringt. Nat\u00fcrlich w\u00fcrde ich Feel IT zu 100 % einem Freund oder Kollegen weiterempfehlen.<\/p><\/div>\n\t\t\t\n\t\t\t\t\t\t<div class=\"elementor-testimonial-meta elementor-has-image elementor-testimonial-image-position-aside\">\n\t\t\t\t<div class=\"elementor-testimonial-meta-inner\">\n\t\t\t\t\t\t\t\t\t\t\t<div class=\"elementor-testimonial-image\">\n\t\t\t\t\t\t\t<img decoding=\"async\" width=\"454\" height=\"116\" src=\"https:\/\/feel-it-services.com\/wp-content\/uploads\/2023\/05\/travelyo.png\" class=\"attachment-full size-full wp-image-6948\" alt=\"\" srcset=\"https:\/\/feel-it-services.com\/wp-content\/uploads\/2023\/05\/travelyo.png 454w, https:\/\/feel-it-services.com\/wp-content\/uploads\/2023\/05\/travelyo-300x77.png 300w\" sizes=\"(max-width: 454px) 100vw, 454px\" \/>\t\t\t\t\t\t<\/div>\n\t\t\t\t\t\n\t\t\t\t\t\t\t\t\t\t<div class=\"elementor-testimonial-details\">\n\t\t\t\t\t\t\t\t\t\t\t\t\t\t<div class=\"elementor-testimonial-name\">Maor Bolokan<\/div>\n\t\t\t\t\t\t\t\t\t\t\t\t\t\t\t\t\t\t\t\t\t\t<div class=\"elementor-testimonial-job\">Elyotech LTD<\/div>\n\t\t\t\t\t\t\t\t\t\t\t\t\t<\/div>\n\t\t\t\t\t\t\t\t\t<\/div>\n\t\t\t<\/div>\n\t\t\t\t\t<\/div>\n\t\t\t\t\t\t<\/div>\n\t\t\t\t<\/div>\n\t\t\t\t\t<\/div>\n\t\t<\/div>\n\t\t\t\t\t<\/div>\n\t\t<\/section>\n\t\t\t\t<section class=\"elementor-section elementor-top-section elementor-element elementor-element-5219b84 ot-traditional elementor-section-boxed elementor-section-height-default elementor-section-height-default\" data-id=\"5219b84\" data-element_type=\"section\" data-e-type=\"section\">\n\t\t\t\t\t\t<div class=\"elementor-container elementor-column-gap-wider\">\n\t\t\t\t\t<div class=\"elementor-column elementor-col-50 elementor-top-column elementor-element elementor-element-19d500a ot-flex-column-vertical\" data-id=\"19d500a\" data-element_type=\"column\" data-e-type=\"column\">\n\t\t\t<div class=\"elementor-widget-wrap elementor-element-populated\">\n\t\t\t\t\t\t<div class=\"elementor-element elementor-element-a2cbe67 img-obj-fit-contain elementor-widget elementor-widget-testimonial\" data-id=\"a2cbe67\" data-element_type=\"widget\" data-e-type=\"widget\" data-widget_type=\"testimonial.default\">\n\t\t\t\t<div class=\"elementor-widget-container\">\n\t\t\t\t\t\t\t<div class=\"elementor-testimonial-wrapper\">\n\t\t\t\t\t\t\t<div class=\"elementor-testimonial-content\"><p>Feel IT war ein wesentlicher Bestandteil der Entwicklung unseres Unternehmens. Sie haben stets gro\u00dfe Kompetenz bei der Bereitstellung hochwertiger Ergebnisse bewiesen, selbst angesichts bedeutender technologischer Herausforderungen.<\/p><p><span data-teams=\"true\"><\/span><\/p><p>Wir empfehlen Feel IT w\u00e4rmstens jedem Unternehmen, das hochprofessionelle technische Partner sucht, die sowohl loyal als auch freundlich sind und bereit, die Extrameile zu gehen!<\/p><\/div>\n\t\t\t\n\t\t\t\t\t\t<div class=\"elementor-testimonial-meta elementor-has-image elementor-testimonial-image-position-aside\">\n\t\t\t\t<div class=\"elementor-testimonial-meta-inner\">\n\t\t\t\t\t\t\t\t\t\t\t<div class=\"elementor-testimonial-image\">\n\t\t\t\t\t\t\t<img decoding=\"async\" width=\"100\" height=\"50\" src=\"https:\/\/feel-it-services.com\/wp-content\/uploads\/2023\/06\/intervyo-res.png\" class=\"attachment-full size-full wp-image-8889\" alt=\"intervyo\" \/>\t\t\t\t\t\t<\/div>\n\t\t\t\t\t\n\t\t\t\t\t\t\t\t\t\t<div class=\"elementor-testimonial-details\">\n\t\t\t\t\t\t\t\t\t\t\t\t\t\t<div class=\"elementor-testimonial-name\">Micha\u00ebl Benchetrit<\/div>\n\t\t\t\t\t\t\t\t\t\t\t\t\t\t\t\t\t\t\t\t\t\t<div class=\"elementor-testimonial-job\">Intervyo Israel<\/div>\n\t\t\t\t\t\t\t\t\t\t\t\t\t<\/div>\n\t\t\t\t\t\t\t\t\t<\/div>\n\t\t\t<\/div>\n\t\t\t\t\t<\/div>\n\t\t\t\t\t\t<\/div>\n\t\t\t\t<\/div>\n\t\t\t\t\t<\/div>\n\t\t<\/div>\n\t\t\t\t<div class=\"elementor-column elementor-col-50 elementor-top-column elementor-element elementor-element-dc99acd ot-flex-column-vertical\" data-id=\"dc99acd\" data-element_type=\"column\" data-e-type=\"column\">\n\t\t\t<div class=\"elementor-widget-wrap elementor-element-populated\">\n\t\t\t\t\t\t<div class=\"elementor-element elementor-element-3bffe66 img-obj-fit-contain elementor-widget elementor-widget-testimonial\" data-id=\"3bffe66\" data-element_type=\"widget\" data-e-type=\"widget\" data-widget_type=\"testimonial.default\">\n\t\t\t\t<div class=\"elementor-widget-container\">\n\t\t\t\t\t\t\t<div class=\"elementor-testimonial-wrapper\">\n\t\t\t\t\t\t\t<div class=\"elementor-testimonial-content\"><p>Feel IT Services ist seit mehreren Jahren unser Partner. Was wir am meisten sch\u00e4tzen, ist ihre au\u00dfergew\u00f6hnliche Reaktionsf\u00e4higkeit und ihr Wissen \u2013 sowohl in der Entwicklung als auch in der Wartung.<\/p><p>Wir hatten einige dringende Situationen zu bew\u00e4ltigen, sei es sp\u00e4t am Tag, am Wochenende oder w\u00e4hrend der Ferien \u2013 es gab immer jemanden, der uns geantwortet und geholfen hat!<\/p><p><span data-teams=\"true\"><\/span><\/p><p>Die Tatsache, dass sie in Rum\u00e4nien ans\u00e4ssig sind, erm\u00f6glicht es ihnen, uns wettbewerbsf\u00e4hige Preise anzubieten, ohne die Leistung zu beeintr\u00e4chtigen. Wirklich gro\u00dfartige Partner!<\/p><\/div>\n\t\t\t\n\t\t\t\t\t\t<div class=\"elementor-testimonial-meta elementor-has-image elementor-testimonial-image-position-aside\">\n\t\t\t\t<div class=\"elementor-testimonial-meta-inner\">\n\t\t\t\t\t\t\t\t\t\t\t<div class=\"elementor-testimonial-image\">\n\t\t\t\t\t\t\t<img loading=\"lazy\" decoding=\"async\" width=\"810\" height=\"190\" src=\"https:\/\/feel-it-services.com\/wp-content\/uploads\/2023\/05\/best-restaurants.jpg\" class=\"attachment-full size-full wp-image-7587\" alt=\"\" srcset=\"https:\/\/feel-it-services.com\/wp-content\/uploads\/2023\/05\/best-restaurants.jpg 810w, https:\/\/feel-it-services.com\/wp-content\/uploads\/2023\/05\/best-restaurants-300x70.jpg 300w, https:\/\/feel-it-services.com\/wp-content\/uploads\/2023\/05\/best-restaurants-768x180.jpg 768w, https:\/\/feel-it-services.com\/wp-content\/uploads\/2023\/05\/best-restaurants-720x169.jpg 720w\" sizes=\"(max-width: 810px) 100vw, 810px\" \/>\t\t\t\t\t\t<\/div>\n\t\t\t\t\t\n\t\t\t\t\t\t\t\t\t\t<div class=\"elementor-testimonial-details\">\n\t\t\t\t\t\t\t\t\t\t\t\t\t\t<div class=\"elementor-testimonial-name\">Virginie Le Roy<\/div>\n\t\t\t\t\t\t\t\t\t\t\t\t\t\t\t\t\t\t\t\t\t\t<div class=\"elementor-testimonial-job\">Best Restaurants Paris \/ Best Restaurants Maroc \/ Best Restaurants Marrakech<\/div>\n\t\t\t\t\t\t\t\t\t\t\t\t\t<\/div>\n\t\t\t\t\t\t\t\t\t<\/div>\n\t\t\t<\/div>\n\t\t\t\t\t<\/div>\n\t\t\t\t\t\t<\/div>\n\t\t\t\t<\/div>\n\t\t\t\t\t<\/div>\n\t\t<\/div>\n\t\t\t\t\t<\/div>\n\t\t<\/section>\n\t\t\t\t<\/div>\n\t\t","protected":false},"excerpt":{"rendered":"<p>Seit 2013 hat unser Unternehmen das gro\u00dfe Privileg, mit Feel IT zusammenzuarbeiten, um all unsere IT-Anforderungen zu betreuen. Ihre herausragende Expertise und fundierten Empfehlungen sind f\u00fcr uns ein unsch\u00e4tzbarer Vorteil. Besonders wertvoll ist die kontinuierliche Unterst\u00fctzung durch einen dedizierten Projektmanager. Bei Feel IT beschr\u00e4nkt man sich nicht darauf, Probleme zu identifizieren \u2013 das Team entwickelt [&hellip;]<\/p>\n","protected":false},"author":4,"featured_media":0,"parent":0,"menu_order":0,"comment_status":"closed","ping_status":"closed","template":"","meta":{"footnotes":""},"class_list":["post-22737","page","type-page","status-publish","hentry"],"yoast_head":"<!-- This site is optimized with the Yoast SEO plugin v27.3 - https:\/\/yoast.com\/product\/yoast-seo-wordpress\/ -->\n<title>Erfahrungsberichte - Feel-IT services<\/title>\n<meta name=\"robots\" content=\"index, follow, max-snippet:-1, max-image-preview:large, max-video-preview:-1\" \/>\n<link rel=\"canonical\" href=\"https:\/\/feel-it-services.com\/de\/testimonials\/\" \/>\n<meta property=\"og:locale\" content=\"de_DE\" \/>\n<meta property=\"og:type\" content=\"article\" \/>\n<meta property=\"og:title\" content=\"Erfahrungsberichte - Feel-IT services\" \/>\n<meta property=\"og:description\" content=\"Seit 2013 hat unser Unternehmen das gro\u00dfe Privileg, mit Feel IT zusammenzuarbeiten, um all unsere IT-Anforderungen zu betreuen. Ihre herausragende Expertise und fundierten Empfehlungen sind f\u00fcr uns ein unsch\u00e4tzbarer Vorteil. Besonders wertvoll ist die kontinuierliche Unterst\u00fctzung durch einen dedizierten Projektmanager. Bei Feel IT beschr\u00e4nkt man sich nicht darauf, Probleme zu identifizieren \u2013 das Team entwickelt [&hellip;]\" \/>\n<meta property=\"og:url\" content=\"https:\/\/feel-it-services.com\/de\/testimonials\/\" \/>\n<meta property=\"og:site_name\" content=\"Feel-IT services\" \/>\n<meta property=\"article:publisher\" content=\"https:\/\/www.facebook.com\/FeelITServices\/\" \/>\n<meta property=\"article:modified_time\" content=\"2026-03-16T04:01:11+00:00\" \/>\n<meta property=\"og:image\" content=\"https:\/\/feel-it-services.com\/wp-content\/plugins\/elementor\/assets\/images\/placeholder.png\" \/>\n<meta name=\"twitter:card\" content=\"summary_large_image\" \/>\n<meta name=\"twitter:site\" content=\"@FeelITServices\" \/>\n<meta name=\"twitter:label1\" content=\"Gesch\u00e4tzte Lesezeit\" \/>\n\t<meta name=\"twitter:data1\" content=\"4\u00a0Minuten\" \/>\n<!-- \/ Yoast SEO plugin. -->","yoast_head_json":{"title":"Erfahrungsberichte - Feel-IT services","robots":{"index":"index","follow":"follow","max-snippet":"max-snippet:-1","max-image-preview":"max-image-preview:large","max-video-preview":"max-video-preview:-1"},"canonical":"https:\/\/feel-it-services.com\/de\/testimonials\/","og_locale":"de_DE","og_type":"article","og_title":"Erfahrungsberichte - Feel-IT services","og_description":"Seit 2013 hat unser Unternehmen das gro\u00dfe Privileg, mit Feel IT zusammenzuarbeiten, um all unsere IT-Anforderungen zu betreuen. Ihre herausragende Expertise und fundierten Empfehlungen sind f\u00fcr uns ein unsch\u00e4tzbarer Vorteil. Besonders wertvoll ist die kontinuierliche Unterst\u00fctzung durch einen dedizierten Projektmanager. Bei Feel IT beschr\u00e4nkt man sich nicht darauf, Probleme zu identifizieren \u2013 das Team entwickelt [&hellip;]","og_url":"https:\/\/feel-it-services.com\/de\/testimonials\/","og_site_name":"Feel-IT services","article_publisher":"https:\/\/www.facebook.com\/FeelITServices\/","article_modified_time":"2026-03-16T04:01:11+00:00","og_image":[{"url":"https:\/\/feel-it-services.com\/wp-content\/plugins\/elementor\/assets\/images\/placeholder.png","type":"","width":"","height":""}],"twitter_card":"summary_large_image","twitter_site":"@FeelITServices","twitter_misc":{"Gesch\u00e4tzte Lesezeit":"4\u00a0Minuten"},"schema":{"@context":"https:\/\/schema.org","@graph":[{"@type":"WebPage","@id":"https:\/\/feel-it-services.com\/de\/testimonials\/","url":"https:\/\/feel-it-services.com\/de\/testimonials\/","name":"Erfahrungsberichte - Feel-IT services","isPartOf":{"@id":"https:\/\/feel-it-services.com\/de\/#website"},"primaryImageOfPage":{"@id":"https:\/\/feel-it-services.com\/de\/testimonials\/#primaryimage"},"image":{"@id":"https:\/\/feel-it-services.com\/de\/testimonials\/#primaryimage"},"thumbnailUrl":"https:\/\/feel-it-services.com\/wp-content\/plugins\/elementor\/assets\/images\/placeholder.png","datePublished":"2023-05-28T08:19:30+00:00","dateModified":"2026-03-16T04:01:11+00:00","breadcrumb":{"@id":"https:\/\/feel-it-services.com\/de\/testimonials\/#breadcrumb"},"inLanguage":"de","potentialAction":[{"@type":"ReadAction","target":["https:\/\/feel-it-services.com\/de\/testimonials\/"]}]},{"@type":"ImageObject","inLanguage":"de","@id":"https:\/\/feel-it-services.com\/de\/testimonials\/#primaryimage","url":"https:\/\/feel-it-services.com\/wp-content\/plugins\/elementor\/assets\/images\/placeholder.png","contentUrl":"https:\/\/feel-it-services.com\/wp-content\/plugins\/elementor\/assets\/images\/placeholder.png"},{"@type":"BreadcrumbList","@id":"https:\/\/feel-it-services.com\/de\/testimonials\/#breadcrumb","itemListElement":[{"@type":"ListItem","position":1,"name":"Accueil","item":"https:\/\/feel-it-services.com\/de\/"},{"@type":"ListItem","position":2,"name":"Erfahrungsberichte"}]},{"@type":"WebSite","@id":"https:\/\/feel-it-services.com\/de\/#website","url":"https:\/\/feel-it-services.com\/de\/","name":"Feel-IT services","description":"IT services you need","publisher":{"@id":"https:\/\/feel-it-services.com\/de\/#organization"},"potentialAction":[{"@type":"SearchAction","target":{"@type":"EntryPoint","urlTemplate":"https:\/\/feel-it-services.com\/de\/?s={search_term_string}"},"query-input":{"@type":"PropertyValueSpecification","valueRequired":true,"valueName":"search_term_string"}}],"inLanguage":"de"},{"@type":"Organization","@id":"https:\/\/feel-it-services.com\/de\/#organization","name":"Feel-IT services","url":"https:\/\/feel-it-services.com\/de\/","logo":{"@type":"ImageObject","inLanguage":"de","@id":"https:\/\/feel-it-services.com\/de\/#\/schema\/logo\/image\/","url":"https:\/\/feel-it-services.com\/wp-content\/uploads\/2023\/04\/logo.png","contentUrl":"https:\/\/feel-it-services.com\/wp-content\/uploads\/2023\/04\/logo.png","width":300,"height":121,"caption":"Feel-IT services"},"image":{"@id":"https:\/\/feel-it-services.com\/de\/#\/schema\/logo\/image\/"},"sameAs":["https:\/\/www.facebook.com\/FeelITServices\/","https:\/\/x.com\/FeelITServices","https:\/\/www.linkedin.com\/company\/feel-it-services\/","https:\/\/www.instagram.com\/feel_it_services\/"]}]}},"_links":{"self":[{"href":"https:\/\/feel-it-services.com\/de\/wp-json\/wp\/v2\/pages\/22737","targetHints":{"allow":["GET"]}}],"collection":[{"href":"https:\/\/feel-it-services.com\/de\/wp-json\/wp\/v2\/pages"}],"about":[{"href":"https:\/\/feel-it-services.com\/de\/wp-json\/wp\/v2\/types\/page"}],"author":[{"embeddable":true,"href":"https:\/\/feel-it-services.com\/de\/wp-json\/wp\/v2\/users\/4"}],"replies":[{"embeddable":true,"href":"https:\/\/feel-it-services.com\/de\/wp-json\/wp\/v2\/comments?post=22737"}],"version-history":[{"count":14,"href":"https:\/\/feel-it-services.com\/de\/wp-json\/wp\/v2\/pages\/22737\/revisions"}],"predecessor-version":[{"id":30231,"href":"https:\/\/feel-it-services.com\/de\/wp-json\/wp\/v2\/pages\/22737\/revisions\/30231"}],"wp:attachment":[{"href":"https:\/\/feel-it-services.com\/de\/wp-json\/wp\/v2\/media?parent=22737"}],"curies":[{"name":"wp","href":"https:\/\/api.w.org\/{rel}","templated":true}]}}